{"id":126,"date":"2021-06-21T14:14:24","date_gmt":"2021-06-21T14:14:24","guid":{"rendered":"https:\/\/ladroit.org\/ladroit\/?page_id=126"},"modified":"2024-12-06T18:22:08","modified_gmt":"2024-12-06T23:22:08","slug":"documentation","status":"publish","type":"page","link":"https:\/\/ladroit.org\/ladroit\/documentation\/","title":{"rendered":"Documentation"},"content":{"rendered":"\n<h2 class=\"has-text-align-center wp-block-heading\">Voici la liste de nos derni\u00e8res infolettres (cliquer pour consulter)<\/h2>\n\n\n\n<center><style type=\"text\/css\">\n<!--\n.display_archive {font-family: arial,verdana; font-size: 25px;}\n.campaign {line-height: 125%; margin: 25px;}\n\/\/--><\/CENTER>\n<\/style>\n<script language=\"javascript\" src=\"\/\/ladroit.us13.list-manage.com\/generate-js\/?u=11826135ce16f35975460ac8a&amp;fid=21074&amp;show=10\" type=\"text\/javascript\"><\/script><\/center>\n\n\n\n<hr class=\"wp-block-separator has-text-color has-css-opacity has-background\" style=\"background-color:#f0a823;color:#f0a823\"\/>\n\n\n\n<div class=\"wp-block-columns is-layout-flex wp-container-core-columns-is-layout-9d6595d7 wp-block-columns-is-layout-flex\">\n<div class=\"wp-block-column is-layout-flow wp-block-column-is-layout-flow\" style=\"flex-basis:50%\"><style>#sp-ea-783 .spcollapsing { height: 0; overflow: hidden; transition-property: height;transition-duration: 300ms;}#sp-ea-783.sp-easy-accordion>.sp-ea-single {margin-bottom: 10px; border: 1px solid rgba(2,2,2,0.66); }#sp-ea-783.sp-easy-accordion>.sp-ea-single>.ea-header a {color: #000000;}#sp-ea-783.sp-easy-accordion>.sp-ea-single>.sp-collapse>.ea-body {background: rgba(252,244,229,0.85); color: #000000;}#sp-ea-783.sp-easy-accordion>.sp-ea-single {background: rgba(252,185,0,0.85);}#sp-ea-783.sp-easy-accordion>.sp-ea-single>.ea-header a .ea-expand-icon { float: left; color: #000000;font-size: 16px;}<\/style><div id=\"sp_easy_accordion-1766010077\"><div id=\"sp-ea-783\" class=\"sp-ea-one sp-easy-accordion\" data-ea-active=\"ea-click\" data-ea-mode=\"vertical\" data-preloader=\"\" data-scroll-active-item=\"\" data-offset-to-scroll=\"0\"><div class=\"ea-card sp-ea-single\"><h3 class=\"ea-header\"><a class=\"collapsed\" id=\"ea-header-7830\" role=\"button\" data-sptoggle=\"spcollapse\" data-sptarget=\"#collapse7830\" aria-controls=\"collapse7830\" href=\"#\" aria-expanded=\"false\" tabindex=\"0\"><i aria-hidden=\"true\" role=\"presentation\" class=\"ea-expand-icon eap-icon-ea-expand-plus\"><\/i> Documents historique<\/a><\/h3><div class=\"sp-collapse spcollapse spcollapse\" id=\"collapse7830\" data-parent=\"#sp-ea-783\" role=\"region\" aria-labelledby=\"ea-header-7830\"> <div class=\"ea-body\"><ul><li><a href=\"https:\/\/ladroit.org\/documentation\/autres\/document15eme.pdf\" target=\"_blank\" rel=\"noopener\">Cahier comm\u00e9moratif du 15\u00e8me anniversaire de L'A-DROIT<\/a><\/li><li><a href=\"https:\/\/ladroit.org\/documentation\/actescolloque2015.pdf\" target=\"_blank\" rel=\"noopener\">Actes du colloque \"Vers l\u2019avant pour le respect des droits\"<\/a><\/li><li><a href=\"https:\/\/ladroit.org\/documentation\/autres\/Resume_synthese_RR_complet.pdf\" target=\"_blank\" rel=\"noopener\">R\u00e9sum\u00e9 synth\u00e8se des rencontres r\u00e9gionales du cadre de partenariat<\/a><\/li><\/ul><\/div><\/div><\/div><div class=\"ea-card sp-ea-single\"><h3 class=\"ea-header\"><a class=\"collapsed\" id=\"ea-header-7831\" role=\"button\" data-sptoggle=\"spcollapse\" data-sptarget=\"#collapse7831\" aria-controls=\"collapse7831\" href=\"#\" aria-expanded=\"false\" tabindex=\"0\"><i aria-hidden=\"true\" role=\"presentation\" class=\"ea-expand-icon eap-icon-ea-expand-plus\"><\/i> Rapports d\u2019activit\u00e9s<\/a><\/h3><div class=\"sp-collapse spcollapse spcollapse\" id=\"collapse7831\" data-parent=\"#sp-ea-783\" role=\"region\" aria-labelledby=\"ea-header-7831\"> <div class=\"ea-body\"><ul><li><a href=\"https:\/\/ladroit.org\/ladroit\/wp-content\/uploads\/2025\/12\/Rapport-dactivites-2024-2025-1.pdf\">Rapport d'activit\u00e9s 2024-2025<\/a><\/li><li><a href=\"https:\/\/ladroit.org\/ladroit\/wp-content\/uploads\/2025\/12\/Rapport-annuel-2023-204-1.pdf\">Rapport d'activit\u00e9s 2023-2024<\/a><\/li><li><a href=\"https:\/\/ladroit.org\/ladroit\/wp-content\/uploads\/2023\/06\/rapport-dactivites-2022-2023.pdf\">Rapport d'activit\u00e9s 2022-2023<\/a><\/li><li><a href=\"https:\/\/ladroit.org\/ladroit\/wp-content\/uploads\/2022\/06\/rapport-dactivites-2021-20223237.pdf\">Rapport d\u2019activit\u00e9s 2021-2022<\/a><\/li><li><a href=\"https:\/\/ladroit.org\/ladroit\/wp-content\/uploads\/2021\/12\/Rapport2020-2021.pdf\" target=\"_blank\" rel=\"noopener\">Rapport d\u2019activit\u00e9s 2020-2021<\/a><\/li><li><a href=\"https:\/\/ladroit.org\/documentation\/rapports\/Rapport2019-2020.pdf\" target=\"_blank\" rel=\"noopener\">Rapport d\u2019activit\u00e9s 2019-2020<\/a><\/li><li><a href=\"https:\/\/ladroit.org\/documentation\/rapports\/Rapport2018-2019.pdf\" target=\"_blank\" rel=\"noopener\">Rapport d\u2019activit\u00e9s 2018-2019<\/a><\/li><li><a href=\"https:\/\/ladroit.org\/documentation\/rapports\/Rapport2017-2018.pdf\" target=\"_blank\" rel=\"noopener\">Rapport d\u2019activit\u00e9s 2017-2018<\/a><\/li><li><a href=\"https:\/\/ladroit.org\/documentation\/rapports\/Rapport2016-2017.pdf\" target=\"_blank\" rel=\"noopener\">Rapport d\u2019activit\u00e9s 2016-2017<\/a><\/li><li><a href=\"https:\/\/ladroit.org\/documentation\/rapports\/Rapport2015-2016.pdf\" target=\"_blank\" rel=\"noopener\">Rapport d\u2019activit\u00e9s 2015-2016<\/a><\/li><li><a href=\"https:\/\/ladroit.org\/documentation\/rapports\/Rapport2014-2015.pdf\" target=\"_blank\" rel=\"noopener\">Rapport d\u2019activit\u00e9s 2014-2015<\/a><\/li><li><a href=\"https:\/\/ladroit.org\/documentation\/rapports\/Rapport2013-2014.pdf\" target=\"_blank\" rel=\"noopener\">Rapport d\u2019activit\u00e9s 2013-2014<\/a><\/li><\/ul><\/div><\/div><\/div><\/div><\/div>\n<\/div>\n\n\n\n<div class=\"wp-block-column is-layout-flow wp-block-column-is-layout-flow\" style=\"flex-basis:50%\"><style>#sp-ea-786 .spcollapsing { height: 0; overflow: hidden; transition-property: height;transition-duration: 300ms;}#sp-ea-786.sp-easy-accordion>.sp-ea-single {margin-bottom: 10px; border: 1px solid rgba(2,2,2,0.66); }#sp-ea-786.sp-easy-accordion>.sp-ea-single>.ea-header a {color: #000000;}#sp-ea-786.sp-easy-accordion>.sp-ea-single>.sp-collapse>.ea-body {background: rgba(252,244,229,0.85); color: #000000;}#sp-ea-786.sp-easy-accordion>.sp-ea-single {background: rgba(252,185,0,0.85);}#sp-ea-786.sp-easy-accordion>.sp-ea-single>.ea-header a .ea-expand-icon { float: left; color: #000000;font-size: 16px;}<\/style><div id=\"sp_easy_accordion-1733771327\"><div id=\"sp-ea-786\" class=\"sp-ea-one sp-easy-accordion\" data-ea-active=\"ea-click\" data-ea-mode=\"vertical\" data-preloader=\"\" data-scroll-active-item=\"\" data-offset-to-scroll=\"0\"><div class=\"ea-card sp-ea-single\"><h3 class=\"ea-header\"><a class=\"collapsed\" id=\"ea-header-7860\" role=\"button\" data-sptoggle=\"spcollapse\" data-sptarget=\"#collapse7860\" aria-controls=\"collapse7860\" href=\"#\" aria-expanded=\"false\" tabindex=\"0\"><i aria-hidden=\"true\" role=\"presentation\" class=\"ea-expand-icon eap-icon-ea-expand-plus\"><\/i> Guides et d\u00e9pliants<\/a><\/h3><div class=\"sp-collapse spcollapse spcollapse\" id=\"collapse7860\" data-parent=\"#sp-ea-786\" role=\"region\" aria-labelledby=\"ea-header-7860\"> <div class=\"ea-body\"><ul><li><a href=\"https:\/\/ladroit.org\/documentation\/autres\/depliant_ladroit.pdf\" target=\"_blank\">D\u00e9pliant<\/a><\/li><li><a href=\"https:\/\/ladroit.org\/documentation\/autres\/adhesion.pdf\" target=\"_blank\">Formulaire d\u2019adh\u00e9sion<\/a><\/li><\/ul><\/div><\/div><\/div><div class=\"ea-card sp-ea-single\"><h3 class=\"ea-header\"><a class=\"collapsed\" id=\"ea-header-7861\" role=\"button\" data-sptoggle=\"spcollapse\" data-sptarget=\"#collapse7861\" aria-controls=\"collapse7861\" href=\"#\" aria-expanded=\"false\" tabindex=\"0\"><i aria-hidden=\"true\" role=\"presentation\" class=\"ea-expand-icon eap-icon-ea-expand-plus\"><\/i> Syst\u00e9mique<\/a><\/h3><div class=\"sp-collapse spcollapse spcollapse\" id=\"collapse7861\" data-parent=\"#sp-ea-786\" role=\"region\" aria-labelledby=\"ea-header-7861\"> <div class=\"ea-body\"><ul><li><a href=\"https:\/\/ladroit.org\/ladroit\/wp-content\/uploads\/2025\/12\/etude-sur-la-P-38-2022-2024_.pdf\">\u00c9tude sur la P-38 2022-2024<\/a><\/li><li><a href=\"https:\/\/ladroit.org\/ladroit\/wp-content\/uploads\/2024\/12\/memoire-P38-final.pdf\">M\u00e9moire sur la P-38 (Novembre 2024)<\/a><\/li><li><a href=\"https:\/\/ladroit.org\/documentation\/autres\/rechercheajssynthese.pdf\" target=\"_blank\" rel=\"noopener\">Recherche sur les AJS, document synth\u00e8se (Octobre 2020)<\/a><\/li><li><a href=\"https:\/\/ladroit.org\/documentation\/autres\/rechercheajscomplete.pdf\" target=\"_blank\" rel=\"noopener\">Recherche sur les AJS, document complet (Octobre 2020)<\/a><\/li><li><a href=\"https:\/\/ladroit.org\/documentation\/autres\/revendications_ladroit.pdf\" target=\"_blank\" rel=\"noopener\">Revendications de L\u2019A-DROIT Tableau Synth\u00e8se (Juin 2019)<\/a><\/li><li><a href=\"https:\/\/ladroit.org\/documentation\/autres\/revendications_aga2019.pdf\" target=\"_blank\" rel=\"noopener\">Revendications de L\u2019A-DROIT Document complet (Juin 2019)<\/a><\/li><li><a href=\"https:\/\/ladroit.org\/documentation\/autres\/memoire%20objectif-emploi.pdf\" target=\"_blank\" rel=\"noopener\">M\u00e9moire L\u2019A-DROIT objectif-emploi (Septembre 2017)<\/a><\/li><li><a href=\"https:\/\/ladroit.org\/documentation\/autres\/documenttaser2016.pdf\" target=\"_blank\" rel=\"noopener\">Position de L\u2019A-DROIT sur l\u2019implantation du pistolet \u00e0 impulsion \u00e9lectrique (Taser) \u00e0 L\u00e9vis (Novembre 2016)<\/a><\/li><li><a href=\"https:\/\/ladroit.org\/documentation\/autres\/demarche360adroit.pdf\" target=\"_blank\" rel=\"noopener\">Document d\u2019\u00e9valuation 360 (Novembre 2016)<\/a><\/li><li><a href=\"https:\/\/ladroit.org\/documentation\/autres\/recherchep-38.pdf\" target=\"_blank\" rel=\"noopener\">Recherche sur la P-38 (Janvier 2016)<\/a><\/li><\/ul><\/div><\/div><\/div><\/div><\/div>\n<\/div>\n<\/div>\n\n\n\n<hr class=\"wp-block-separator has-text-color has-css-opacity has-background\" style=\"background-color:#f0a823;color:#f0a823\"\/>\n\n\n\n<p><\/p>\n\n\n<p><script src=\"https:\/\/code.responsivevoice.org\/responsivevoice.js?key=5SQ0t3iO\"><\/script><\/p>\n","protected":false},"excerpt":{"rendered":"<p>Voici la liste de nos derni\u00e8res infolettres (cliquer pour consulter)<\/p>\n","protected":false},"author":2,"featured_media":0,"parent":0,"menu_order":0,"comment_status":"closed","ping_status":"closed","template":"","meta":{"footnotes":""},"class_list":["post-126","page","type-page","status-publish","czr-hentry"],"jetpack_sharing_enabled":true,"_links":{"self":[{"href":"https:\/\/ladroit.org\/ladroit\/wp-json\/wp\/v2\/pages\/126","targetHints":{"allow":["GET"]}}],"collection":[{"href":"https:\/\/ladroit.org\/ladroit\/wp-json\/wp\/v2\/pages"}],"about":[{"href":"https:\/\/ladroit.org\/ladroit\/wp-json\/wp\/v2\/types\/page"}],"author":[{"embeddable":true,"href":"https:\/\/ladroit.org\/ladroit\/wp-json\/wp\/v2\/users\/2"}],"replies":[{"embeddable":true,"href":"https:\/\/ladroit.org\/ladroit\/wp-json\/wp\/v2\/comments?post=126"}],"version-history":[{"count":38,"href":"https:\/\/ladroit.org\/ladroit\/wp-json\/wp\/v2\/pages\/126\/revisions"}],"predecessor-version":[{"id":2342,"href":"https:\/\/ladroit.org\/ladroit\/wp-json\/wp\/v2\/pages\/126\/revisions\/2342"}],"wp:attachment":[{"href":"https:\/\/ladroit.org\/ladroit\/wp-json\/wp\/v2\/media?parent=126"}],"curies":[{"name":"wp","href":"https:\/\/api.w.org\/{rel}","templated":true}]}}