{"id":1262,"date":"2022-02-24T10:06:09","date_gmt":"2022-02-24T15:06:09","guid":{"rendered":"https:\/\/ladroit.org\/ladroit\/?page_id=1262"},"modified":"2022-03-17T13:21:57","modified_gmt":"2022-03-17T17:21:57","slug":"drsm","status":"publish","type":"page","link":"https:\/\/ladroit.org\/ladroit\/drsm\/","title":{"rendered":"Application Droits et Ressources Sant\u00e9 Mentale"},"content":{"rendered":"\n<div class=\"wp-block-columns is-layout-flex wp-container-core-columns-is-layout-9d6595d7 wp-block-columns-is-layout-flex\">\n<div class=\"wp-block-column is-layout-flow wp-block-column-is-layout-flow\">\n<div class=\"wp-block-image\"><figure class=\"aligncenter size-full\"><a href=\"https:\/\/play.google.com\/store\/apps\/details?id=org.ladroit.droitssm\"><img loading=\"lazy\" decoding=\"async\" width=\"260\" height=\"79\" src=\"https:\/\/ladroit.org\/ladroit\/wp-content\/uploads\/2022\/02\/google-play-badge-cropped.png\" alt=\"\" class=\"wp-image-1181\"\/><\/a><\/figure><\/div>\n<\/div>\n\n\n\n<div class=\"wp-block-column is-layout-flow wp-block-column-is-layout-flow\">\n<div class=\"wp-block-image is-style-default\"><figure class=\"aligncenter is-resized\"><a href=\"https:\/\/apps.apple.com\/ca\/app\/drsm-sant%C3%A9-mentale\/id1480031825?l=fr\" target=\"_blank\" rel=\"noreferrer noopener\"><img decoding=\"async\" src=\"https:\/\/ladroit.org\/infodroits\/wp-content\/uploads\/2020\/01\/appstorelogov2.png\" alt=\"\" class=\"wp-image-48\" width=\"260\"\/><\/a><\/figure><\/div>\n<\/div>\n<\/div>\n\n\n\n<h2 class=\"has-text-align-center wp-block-heading\" id=\"aidez-un-ami-partagez-cette-page\">Aidez un ami, partagez cette page !<\/h2>\n\n\n<p>[addtoany]<\/p>\n\n\n\n<p>Droits et Ressources Sant\u00e9 Mentale est une application qui permet \u00e0 son utilisateur de s\u2019informer sur ses droits et de trouver les diff\u00e9rentes ressources en sant\u00e9 mentale les plus proches g\u00e9ographiquement. Elle comprend aussi des vid\u00e9os d\u2019information et des baladodiffusion sur les droits en sant\u00e9 mentale.<\/p>\n\n\n\n<p>L\u2019application compte pr\u00e9sentement environ 300 ressources communautaires dont des groupes de d\u00e9fense de droits, des groupes alternatifs, des centre d\u2019\u00e9coute, des groupes pour les parents et proches, des ressources d\u2019h\u00e9bergement, des groupes d\u2019entraide,\u2026<\/p>\n\n\n\n<p>L\u2019interface permet d\u2019appeler une ressource, de consulter son site Web ou Facebook, d\u2019avoir l\u2019itin\u00e9raire jusqu\u2019\u00e0 la ressource ou d\u2019y envoyer un courriel et ce directement \u00e0 partir de votre t\u00e9l\u00e9phone et sans interm\u00e9diaire.<\/p>\n\n\n\n<p>L\u2019application contient de l\u2019information sur vos droits. Celle-ci est mise \u00e0 jour annuellement par des \u00e9tudiants en droit et contient de l\u2019information et des ressources sur un grand nombre de sujets.<\/p>\n\n\n\n<p>Vous pouvez joindre le d\u00e9veloppeur \u00e0 l\u2019adresse suivante :<br><a href=\"mailto:carl@ladroit.org\">carl@ladroit.org<\/a> <\/p>\n\n\n\n<p>Vous voulez inscrire votre ressource ? Rien de plus facile, remplissez le formulaire suivant en ligne :<\/p>\n\n\n\n<div class=\"wp-block-buttons is-layout-flex wp-block-buttons-is-layout-flex\">\n<div class=\"wp-block-button has-custom-width wp-block-button__width-100 has-custom-font-size is-style-fill\" style=\"font-size:24px\"><a class=\"wp-block-button__link has-luminous-vivid-amber-background-color has-background\" href=\"https:\/\/ladroit.org\/ladroit\/inscriptiondrsm\/\" style=\"border-radius:8px\">Inscrire ou modifier les informations de votre ressource<\/a><\/div>\n<\/div>\n\n\n\n<hr class=\"wp-block-separator\"\/>\n\n\n\n<figure class=\"wp-block-image size-large is-resized\"><img loading=\"lazy\" decoding=\"async\" src=\"https:\/\/ladroit.org\/ladroit\/wp-content\/uploads\/2022\/02\/L-A-Droit-2-page-001-1024x791.jpg\" alt=\"\" class=\"wp-image-1162\" width=\"736\" height=\"568\" srcset=\"https:\/\/ladroit.org\/ladroit\/wp-content\/uploads\/2022\/02\/L-A-Droit-2-page-001-1024x791.jpg 1024w, https:\/\/ladroit.org\/ladroit\/wp-content\/uploads\/2022\/02\/L-A-Droit-2-page-001-600x464.jpg 600w, https:\/\/ladroit.org\/ladroit\/wp-content\/uploads\/2022\/02\/L-A-Droit-2-page-001-300x232.jpg 300w, https:\/\/ladroit.org\/ladroit\/wp-content\/uploads\/2022\/02\/L-A-Droit-2-page-001-768x593.jpg 768w, https:\/\/ladroit.org\/ladroit\/wp-content\/uploads\/2022\/02\/L-A-Droit-2-page-001-1536x1187.jpg 1536w, https:\/\/ladroit.org\/ladroit\/wp-content\/uploads\/2022\/02\/L-A-Droit-2-page-001.jpg 1650w\" sizes=\"auto, (max-width: 736px) 100vw, 736px\" \/><\/figure>\n\n\n\n<figure class=\"wp-block-image size-large\"><img loading=\"lazy\" decoding=\"async\" width=\"1024\" height=\"791\" src=\"https:\/\/ladroit.org\/ladroit\/wp-content\/uploads\/2022\/02\/L-A-Droit-2-page-002-1024x791.jpg\" alt=\"\" class=\"wp-image-1163\" srcset=\"https:\/\/ladroit.org\/ladroit\/wp-content\/uploads\/2022\/02\/L-A-Droit-2-page-002-1024x791.jpg 1024w, https:\/\/ladroit.org\/ladroit\/wp-content\/uploads\/2022\/02\/L-A-Droit-2-page-002-600x464.jpg 600w, https:\/\/ladroit.org\/ladroit\/wp-content\/uploads\/2022\/02\/L-A-Droit-2-page-002-300x232.jpg 300w, https:\/\/ladroit.org\/ladroit\/wp-content\/uploads\/2022\/02\/L-A-Droit-2-page-002-768x593.jpg 768w, https:\/\/ladroit.org\/ladroit\/wp-content\/uploads\/2022\/02\/L-A-Droit-2-page-002-1536x1187.jpg 1536w, https:\/\/ladroit.org\/ladroit\/wp-content\/uploads\/2022\/02\/L-A-Droit-2-page-002.jpg 1650w\" sizes=\"auto, (max-width: 1024px) 100vw, 1024px\" \/><\/figure>\n\n\n\n<figure class=\"wp-block-image size-large\"><img loading=\"lazy\" decoding=\"async\" width=\"768\" height=\"1024\" src=\"https:\/\/ladroit.org\/ladroit\/wp-content\/uploads\/2022\/02\/Affiche-DRSM-1-768x1024.png\" alt=\"\" class=\"wp-image-1165\" srcset=\"https:\/\/ladroit.org\/ladroit\/wp-content\/uploads\/2022\/02\/Affiche-DRSM-1-768x1024.png 768w, https:\/\/ladroit.org\/ladroit\/wp-content\/uploads\/2022\/02\/Affiche-DRSM-1-600x800.png 600w, https:\/\/ladroit.org\/ladroit\/wp-content\/uploads\/2022\/02\/Affiche-DRSM-1-225x300.png 225w, https:\/\/ladroit.org\/ladroit\/wp-content\/uploads\/2022\/02\/Affiche-DRSM-1-1152x1536.png 1152w, https:\/\/ladroit.org\/ladroit\/wp-content\/uploads\/2022\/02\/Affiche-DRSM-1-1536x2048.png 1536w\" sizes=\"auto, (max-width: 768px) 100vw, 768px\" \/><\/figure>\n\n\n\n<div class=\"wp-block-buttons is-layout-flex wp-block-buttons-is-layout-flex\">\n<div class=\"wp-block-button aligncenter is-style-outline centered is-style-outline--1\"><a class=\"wp-block-button__link\" href=\"https:\/\/ladroit.org\/infodroits\/wp-content\/uploads\/2020\/01\/DepliantDRSM.pdf\">T\u00e9l\u00e9charger le d\u00e9pliant(format PDF)<\/a><\/div>\n<\/div>\n\n\n\n<div class=\"wp-block-buttons is-layout-flex wp-block-buttons-is-layout-flex\">\n<div class=\"wp-block-button aligncenter is-style-outline centered is-style-outline--2\"><a class=\"wp-block-button__link\" href=\"https:\/\/ladroit.org\/infodroits\/wp-content\/uploads\/2020\/02\/Affiche-DRSM.pdf\">T\u00e9l\u00e9charger l&rsquo;affiche(format PDF)<\/a><\/div>\n<\/div>\n","protected":false},"excerpt":{"rendered":"<p>Aidez un ami, partagez cette page ! Droits et Ressources Sant\u00e9 Mentale est une application qui permet \u00e0 son utilisateur de s\u2019informer sur ses droits et de trouver les diff\u00e9rentes [&hellip;]<\/p>\n","protected":false},"author":2,"featured_media":1165,"parent":0,"menu_order":0,"comment_status":"closed","ping_status":"closed","template":"","meta":{"two_page_speed":[],"footnotes":""},"class_list":["post-1262","page","type-page","status-publish","has-post-thumbnail","czr-hentry"],"jetpack_sharing_enabled":false,"_links":{"self":[{"href":"https:\/\/ladroit.org\/ladroit\/wp-json\/wp\/v2\/pages\/1262","targetHints":{"allow":["GET"]}}],"collection":[{"href":"https:\/\/ladroit.org\/ladroit\/wp-json\/wp\/v2\/pages"}],"about":[{"href":"https:\/\/ladroit.org\/ladroit\/wp-json\/wp\/v2\/types\/page"}],"author":[{"embeddable":true,"href":"https:\/\/ladroit.org\/ladroit\/wp-json\/wp\/v2\/users\/2"}],"replies":[{"embeddable":true,"href":"https:\/\/ladroit.org\/ladroit\/wp-json\/wp\/v2\/comments?post=1262"}],"version-history":[{"count":9,"href":"https:\/\/ladroit.org\/ladroit\/wp-json\/wp\/v2\/pages\/1262\/revisions"}],"predecessor-version":[{"id":1388,"href":"https:\/\/ladroit.org\/ladroit\/wp-json\/wp\/v2\/pages\/1262\/revisions\/1388"}],"wp:featuredmedia":[{"embeddable":true,"href":"https:\/\/ladroit.org\/ladroit\/wp-json\/wp\/v2\/media\/1165"}],"wp:attachment":[{"href":"https:\/\/ladroit.org\/ladroit\/wp-json\/wp\/v2\/media?parent=1262"}],"curies":[{"name":"wp","href":"https:\/\/api.w.org\/{rel}","templated":true}]}}