{"id":136,"date":"2021-06-21T14:23:00","date_gmt":"2021-06-21T14:23:00","guid":{"rendered":"https:\/\/ladroit.org\/ladroit\/?page_id=136"},"modified":"2025-10-22T17:03:50","modified_gmt":"2025-10-22T21:03:50","slug":"devenir-membre","status":"publish","type":"page","link":"https:\/\/ladroit.org\/ladroit\/devenir-membre\/","title":{"rendered":"Devenir membre"},"content":{"rendered":"\n<p>Pour un co\u00fbt de 2$ pour un an et de 5$ pour 3 ans, l&rsquo;adh\u00e9sion \u00e0 L&rsquo;A-DROIT vous permettra de recevoir le journal de L&rsquo;A-Droit publi\u00e9 quatre fois par ann\u00e9e. Pour devenir membre, vous pouvez remplir le pr\u00e9sent formulaire ou appeler au 418-837-1113 \u00e0 la r\u00e9ception (poste 0).<\/p>\n\n\n<p><iframe loading=\"lazy\" src=\"https:\/\/docs.google.com\/forms\/d\/e\/1FAIpQLSfYSVXEqOpQYBnRzfEJGQ-6axWBiP2ZgRIlK7X6CjXg9L8yqA\/viewform?embedded=true\" width=\"1475\" height=\"1475\" frameborder=\"0\" marginheight=\"0\" marginwidth=\"0\">Chargement en cours\u2026<\/iframe><\/p>\n\n\n\n<div class=\"wp-block-cover\"><img loading=\"lazy\" decoding=\"async\" width=\"196\" height=\"196\" class=\"wp-block-cover__image-background wp-image-2329\" alt=\"\" src=\"https:\/\/ladroit.org\/ladroit\/wp-content\/uploads\/2025\/10\/qr-code3.png\" data-object-fit=\"cover\" srcset=\"https:\/\/ladroit.org\/ladroit\/wp-content\/uploads\/2025\/10\/qr-code3.png 196w, https:\/\/ladroit.org\/ladroit\/wp-content\/uploads\/2025\/10\/qr-code3-150x150.png 150w, https:\/\/ladroit.org\/ladroit\/wp-content\/uploads\/2025\/10\/qr-code3-100x100.png 100w\" sizes=\"auto, (max-width: 196px) 100vw, 196px\" \/><span aria-hidden=\"true\" class=\"wp-block-cover__background has-background-dim\"><\/span><div class=\"wp-block-cover__inner-container is-layout-flow wp-block-cover-is-layout-flow\">\n<p class=\"has-text-align-center has-large-font-size\"><\/p>\n<\/div><\/div>\n\n\n\n<p>Vous pouvez scanner le code QR pour compl\u00e9ter votre adh\u00e9sion \u00e0 L&rsquo;A-DROIT, ou cliquer sur le lien suivant: <a href=\"https:\/\/www.zeffy.com\/fr-CA\/ticketing\/cartes-de-membre-de-la-droit-de-chaudiere-appalaches\">https:\/\/www.zeffy.com\/fr-CA\/ticketing\/cartes-de-membre-de-la-droit-de-chaudiere-appalaches<\/a><\/p>\n\n\n\n<hr class=\"wp-block-separator has-css-opacity\"\/>\n\n\n\n<h2 class=\"wp-block-heading\">T\u00e9l\u00e9charger le formulaire d&rsquo;adh\u00e9sion<\/h2>\n\n\n\n<div data-wp-interactive=\"core\/file\" class=\"wp-block-file\"><object data-wp-bind--hidden=\"!state.hasPdfPreview\" hidden class=\"wp-block-file__embed\" data=\"https:\/\/ladroit.org\/ladroit\/wp-content\/uploads\/2022\/04\/formulaire-dadhesion-2.pdf\" type=\"application\/pdf\" style=\"width:100%;height:600px\" aria-label=\"Contenu embarqu\u00e9 formulaire-dadhesion-2.\"><\/object><a id=\"wp-block-file--media-308de360-9d2c-4aae-b1f4-7c8fc9c6fe3b\" href=\"https:\/\/ladroit.org\/ladroit\/wp-content\/uploads\/2022\/04\/formulaire-dadhesion-2.pdf\">formulaire-dadhesion-2<\/a><a href=\"https:\/\/ladroit.org\/ladroit\/wp-content\/uploads\/2022\/04\/formulaire-dadhesion-2.pdf\" class=\"wp-block-file__button wp-element-button\" download aria-describedby=\"wp-block-file--media-308de360-9d2c-4aae-b1f4-7c8fc9c6fe3b\">T\u00e9l\u00e9charger<\/a><\/div>\n\n\n\n<div class=\"wp-block-buttons is-layout-flex wp-block-buttons-is-layout-flex\"><\/div>\n\n\n\n<div class=\"wp-block-buttons is-layout-flex wp-block-buttons-is-layout-flex\"><\/div>\n\n\n<p><script src=\"https:\/\/code.responsivevoice.org\/responsivevoice.js?key=5SQ0t3iO\"><\/script><\/p>\n\n\n\n<p><\/p>\n","protected":false},"excerpt":{"rendered":"<p>Pour un co\u00fbt de 2$ pour un an et de 5$ pour 3 ans, l&rsquo;adh\u00e9sion \u00e0 L&rsquo;A-DROIT vous permettra de recevoir le journal de L&rsquo;A-Droit publi\u00e9 quatre fois par ann\u00e9e. [&hellip;]<\/p>\n","protected":false},"author":2,"featured_media":0,"parent":0,"menu_order":0,"comment_status":"closed","ping_status":"closed","template":"","meta":{"footnotes":""},"class_list":["post-136","page","type-page","status-publish","czr-hentry"],"jetpack_sharing_enabled":true,"_links":{"self":[{"href":"https:\/\/ladroit.org\/ladroit\/wp-json\/wp\/v2\/pages\/136","targetHints":{"allow":["GET"]}}],"collection":[{"href":"https:\/\/ladroit.org\/ladroit\/wp-json\/wp\/v2\/pages"}],"about":[{"href":"https:\/\/ladroit.org\/ladroit\/wp-json\/wp\/v2\/types\/page"}],"author":[{"embeddable":true,"href":"https:\/\/ladroit.org\/ladroit\/wp-json\/wp\/v2\/users\/2"}],"replies":[{"embeddable":true,"href":"https:\/\/ladroit.org\/ladroit\/wp-json\/wp\/v2\/comments?post=136"}],"version-history":[{"count":27,"href":"https:\/\/ladroit.org\/ladroit\/wp-json\/wp\/v2\/pages\/136\/revisions"}],"predecessor-version":[{"id":2331,"href":"https:\/\/ladroit.org\/ladroit\/wp-json\/wp\/v2\/pages\/136\/revisions\/2331"}],"wp:attachment":[{"href":"https:\/\/ladroit.org\/ladroit\/wp-json\/wp\/v2\/media?parent=136"}],"curies":[{"name":"wp","href":"https:\/\/api.w.org\/{rel}","templated":true}]}}