{"id":168,"date":"2021-06-22T15:12:00","date_gmt":"2021-06-22T15:12:00","guid":{"rendered":"https:\/\/ladroit.org\/ladroit\/?page_id=168"},"modified":"2025-12-04T18:52:00","modified_gmt":"2025-12-04T23:52:00","slug":"faire-partie-de-lequipe","status":"publish","type":"page","link":"https:\/\/ladroit.org\/ladroit\/faire-partie-de-lequipe\/","title":{"rendered":"Faire partie de l&rsquo;\u00e9quipe"},"content":{"rendered":"\n<p>Vous voulez faire partie de notre organisme ? Vous pouvez consulter cette page pour voir nos derni\u00e8res offres d&#8217;emplois.<\/p>\n\n\n\n<p>Si vous voulez faire du b\u00e9n\u00e9volat, L&rsquo;A-Droit vous recevra dans un environnement convivial. Merci de votre implication, vous pouvez \u00eatre certain que le temps que vous nous donnez sera investit \u00e0 bon escient.<\/p>\n\n\n\n<p>Pour offrir votre temps ou postuler pour une offre d&#8217;emploi, contactez notre directeur au 418-837-1113 poste 3 ou par e-mail <a href=\"mailto:la-droit@bellnet.ca\">francois@ladroit.org<\/a>.<\/p>\n\n\n\n<p><a href=\"https:\/\/ladroit.org\/ladroit\/offres-demploi\/\">Consulter nos offres ici.<\/a><\/p>\n\n\n\n<div class=\"wp-block-contact-form-7-contact-form-selector\"><p class=\"wpcf7-contact-form-not-found\"><strong>Erreur\u00a0:<\/strong> Formulaire de contact non trouv\u00e9\u00a0!<\/p><\/div>\n\n\n\n<p><\/p>\n\n\n<p><script src=\"https:\/\/code.responsivevoice.org\/responsivevoice.js?key=5SQ0t3iO\"><\/script><\/p>\n\n\n\n<p><\/p>\n","protected":false},"excerpt":{"rendered":"<p>Vous voulez faire partie de notre organisme ? Vous pouvez consulter cette page pour voir nos derni\u00e8res offres d&#8217;emplois. Si vous voulez faire du b\u00e9n\u00e9volat, L&rsquo;A-Droit vous recevra dans un [&hellip;]<\/p>\n","protected":false},"author":2,"featured_media":0,"parent":0,"menu_order":0,"comment_status":"closed","ping_status":"closed","template":"","meta":{"footnotes":""},"class_list":["post-168","page","type-page","status-publish","czr-hentry"],"jetpack_sharing_enabled":true,"_links":{"self":[{"href":"https:\/\/ladroit.org\/ladroit\/wp-json\/wp\/v2\/pages\/168","targetHints":{"allow":["GET"]}}],"collection":[{"href":"https:\/\/ladroit.org\/ladroit\/wp-json\/wp\/v2\/pages"}],"about":[{"href":"https:\/\/ladroit.org\/ladroit\/wp-json\/wp\/v2\/types\/page"}],"author":[{"embeddable":true,"href":"https:\/\/ladroit.org\/ladroit\/wp-json\/wp\/v2\/users\/2"}],"replies":[{"embeddable":true,"href":"https:\/\/ladroit.org\/ladroit\/wp-json\/wp\/v2\/comments?post=168"}],"version-history":[{"count":13,"href":"https:\/\/ladroit.org\/ladroit\/wp-json\/wp\/v2\/pages\/168\/revisions"}],"predecessor-version":[{"id":2335,"href":"https:\/\/ladroit.org\/ladroit\/wp-json\/wp\/v2\/pages\/168\/revisions\/2335"}],"wp:attachment":[{"href":"https:\/\/ladroit.org\/ladroit\/wp-json\/wp\/v2\/media?parent=168"}],"curies":[{"name":"wp","href":"https:\/\/api.w.org\/{rel}","templated":true}]}}