{"id":23,"date":"2021-06-10T18:08:06","date_gmt":"2021-06-10T18:08:06","guid":{"rendered":"https:\/\/ladroit.org\/ladroit\/?page_id=23"},"modified":"2025-12-05T13:45:51","modified_gmt":"2025-12-05T18:45:51","slug":"accueil","status":"publish","type":"page","link":"https:\/\/ladroit.org\/ladroit\/","title":{"rendered":"Accueil"},"content":{"rendered":"\n\n\n\n<div class=\"wp-block-buttons is-layout-flex wp-block-buttons-is-layout-flex\"><\/div>\n\n\n\n<div class=\"wp-block-columns is-layout-flex wp-container-core-columns-is-layout-9d6595d7 wp-block-columns-is-layout-flex\">\n<div class=\"wp-block-column is-layout-flow wp-block-column-is-layout-flow\" style=\"flex-basis:100%\">\n<div class=\"wp-block-columns is-layout-flex wp-container-core-columns-is-layout-9d6595d7 wp-block-columns-is-layout-flex\">\n<div class=\"wp-block-column is-vertically-aligned-center is-layout-flow wp-block-column-is-layout-flow\">\n<h2 class=\"wp-block-heading has-text-align-center\"><strong>L&rsquo;A-DROIT<\/strong> est un organisme communautaire autonome \u00e0 but<br>non-lucratif desservant la r\u00e9gion de Chaudi\u00e8re-Appalaches.<\/h2>\n\n\n\n<p class=\"has-text-align-center\">Notre \u00e9quipe peut vous aider et vous accompagner dans la d\u00e9fense de vos droits si vous<br>vivez des difficult\u00e9s vis-\u00e0-vis la psychiatrie, les service en sant\u00e9 mentale ou toute situation qui concerne vos droits.<br><strong>\u00c0 L\u2019A-DROIT vous \u00eates accueillis dans ce que vous \u00eates, sans jugement !<\/strong><\/p>\n\n\n\n<h2 class=\"wp-block-heading has-text-align-center\">T\u00e9l\u00e9phone : (418) 837-1113<br>Ligne sans-frais : 1-866-837-1113<\/h2>\n\n\n\n<div style=\"height:55px\" aria-hidden=\"true\" class=\"wp-block-spacer\"><\/div>\n\n\n\n<div class=\"wp-block-buttons is-layout-flex wp-block-buttons-is-layout-flex\">\n<div class=\"wp-block-button has-custom-width wp-block-button__width-100 is-style-fill\"><a class=\"wp-block-button__link has-white-color has-text-color has-background wp-element-button\" href=\"https:\/\/ladroit.org\/ladroit\/faire-partie-de-lequipe\/\" style=\"border-radius:10px;background-color:#f0a823\">Faire partie de l&rsquo;\u00e9quipe de travail ou vous impliquer b\u00e9n\u00e9volement<\/a><\/div>\n<\/div>\n\n\n\n<div class=\"wp-block-columns is-layout-flex wp-container-core-columns-is-layout-9d6595d7 wp-block-columns-is-layout-flex\">\n<div class=\"wp-block-column is-layout-flow wp-block-column-is-layout-flow\">\n<div id=\"fb-root\"><\/div>\n<script async=\"\" defer=\"\" crossorigin=\"anonymous\" src=\"https:\/\/connect.facebook.net\/fr_FR\/sdk.js#xfbml=1&amp;version=v12.0&amp;appId=517659645262276&amp;autoLogAppEvents=1\" nonce=\"sXtxt4ZZ\"><\/script>\n<center>\n<div class=\"fb-page\" data-href=\"https:\/\/www.facebook.com\/LADROIT1\/\" data-tabs=\"timeline\" data-width=\"500\" data-height=\"842\" data-small-header=\"false\" data-adapt-container-width=\"true\" data-hide-cover=\"false\" data-show-facepile=\"false\"><blockquote cite=\"https:\/\/www.facebook.com\/LADROIT1\/\" class=\"fb-xfbml-parse-ignore\"><a href=\"https:\/\/www.facebook.com\/LADROIT1\/\">L&rsquo;A-Droit de Chaudi\u00e8re-Appalaches<\/a><\/blockquote><\/div>\n<\/center>\n<\/div>\n\n\n\n<div class=\"wp-block-column is-layout-flow wp-block-column-is-layout-flow\">\n<figure class=\"wp-block-video\"><video height=\"480\" style=\"aspect-ratio: 720 \/ 480;\" width=\"720\" controls src=\"https:\/\/ladroit.org\/ladroit\/wp-content\/uploads\/2025\/12\/LADROIT_Int-1.mov\"><\/video><\/figure>\n<\/div>\n<\/div>\n\n\n\n<hr class=\"wp-block-separator has-css-opacity is-style-wide\"\/>\n\n\n\n<p><\/p>\n<\/div>\n<\/div>\n<\/div>\n<\/div>\n\n\n\n<p><\/p>\n\n\n\n<h2 class=\"wp-block-heading\">Vous voulez aider notre organisme ? Vous pouvez faire un don en ligne :<\/h2>\n\n\n<p><script \n  src=\"https:\/\/www.paypal.com\/sdk\/js?client-id=BAAct34qaCXhFSYnx1Jhy5TzUNPQf-CUJCSmiTKFZmCHz4fbXWlBxdeXa43A81l3-4UCLC35EJvVnYpnEs&#038;components=hosted-buttons&#038;disable-funding=venmo&#038;currency=CAD\">\n<\/script><\/p>\n\n\n\n<hr class=\"wp-block-separator has-css-opacity is-style-wide\"\/>\n\n\n\n<div class=\"wp-block-columns is-layout-flex wp-container-core-columns-is-layout-9d6595d7 wp-block-columns-is-layout-flex\">\n<div class=\"wp-block-column is-layout-flow wp-block-column-is-layout-flow\" style=\"flex-basis:66.66%\">\n<h2 class=\"wp-block-heading\"><strong>Il arrive que dans la vie<\/strong>, l\u2019on vive une situation qui nous rende vuln\u00e9rable et que l\u2019on subisse des injustices et des abus.<\/h2>\n\n\n\n<p><strong>L\u2019A-DROIT<\/strong> a pour mission de vous soutenir pour d\u00e9fendre vos droits, ce qui peut contribuer \u00e0 reprendre du pouvoir sur votre vie. <strong>L\u2019A-DROIT<\/strong> agit dans la collectivit\u00e9 sur ce qui vient causer les abus que subissent les personnes vivant ou ayant v\u00e9cu avec un probl\u00e8me de sant\u00e9 mentale. Nos objectifs sont donc de se regrouper et de faire valoir collectivement notre v\u00e9cu et notre point de vue afin que les choses changent.<\/p>\n\n\n\n<div class=\"wp-block-buttons is-layout-flex wp-block-buttons-is-layout-flex\">\n<div class=\"wp-block-button has-custom-width wp-block-button__width-100 is-style-fill\"><a class=\"wp-block-button__link has-white-color has-text-color has-background wp-element-button\" href=\"https:\/\/ladroit.org\/ladroit\/nos-services-et-notre-mission\/\" style=\"border-radius:10px;background-color:#f0a823\">Nos Services et Notre Mission<\/a><\/div>\n<\/div>\n\n\n\n<hr class=\"wp-block-separator has-css-opacity\"\/>\n\n\n\n<h2 class=\"wp-block-heading\">Vous voulez d\u00e9noncer un abus ? Nous pouvons vous aider.<\/h2>\n\n\n\n<p><strong>L\u2019A-DROIT<\/strong> peut vous aider \u00e0 exprimer vos insatisfactions. De plus, votre t\u00e9moignage peut aider d&rsquo;autres personnes ayant v\u00e9cu une situation similaire.<\/p>\n\n\n\n<div class=\"wp-block-buttons is-layout-flex wp-block-buttons-is-layout-flex\">\n<div class=\"wp-block-button has-custom-width wp-block-button__width-100 is-style-fill\"><a class=\"wp-block-button__link has-white-color has-text-color has-background wp-element-button\" href=\"https:\/\/ladroit.org\/ladroit\/temoignage\/\" style=\"border-radius:10px;background-color:#f0a823\">Nous faire part de votre t\u00e9moignage<\/a><\/div>\n<\/div>\n<\/div>\n\n\n\n<div class=\"wp-block-column is-layout-flow wp-block-column-is-layout-flow\" style=\"flex-basis:25%\">\n<figure class=\"wp-block-image size-full\"><img loading=\"lazy\" decoding=\"async\" width=\"264\" height=\"556\" src=\"https:\/\/ladroit.org\/ladroit\/wp-content\/uploads\/2025\/09\/drsn.jpg\" alt=\"\" class=\"wp-image-2316\" srcset=\"https:\/\/ladroit.org\/ladroit\/wp-content\/uploads\/2025\/09\/drsn.jpg 264w, https:\/\/ladroit.org\/ladroit\/wp-content\/uploads\/2025\/09\/drsn-142x300.jpg 142w\" sizes=\"auto, (max-width: 264px) 100vw, 264px\" \/><\/figure>\n\n\n\n<p class=\"has-text-align-center\">T\u00e9l\u00e9chargez l&rsquo;application Droits et Ressources Sant\u00e9 Mentale. Des ressources et de l&rsquo;information sur vos droits. Ne ratez pas nos derniers balados !<\/p>\n\n\n\n<figure class=\"wp-block-image\"><a href=\"https:\/\/apps.apple.com\/ca\/app\/drsm-sant%C3%A9-mentale\/id1480031825?l=fr\"><img decoding=\"async\" src=\"https:\/\/ladroit.org\/infodroits\/wp-content\/uploads\/2020\/01\/appstorelogov2.png\" alt=\"\" class=\"wp-image-48\"\/><\/a><\/figure>\n\n\n\n<figure class=\"wp-block-image size-large is-resized\"><a href=\"https:\/\/play.google.com\/store\/apps\/details?id=org.ladroit.droitssm\"><img loading=\"lazy\" decoding=\"async\" width=\"1024\" height=\"304\" src=\"https:\/\/ladroit.org\/ladroit\/wp-content\/uploads\/2021\/11\/1200px-Google_Play_Store_badge_FR.svg_-1-1024x304.png\" alt=\"Application android\" class=\"wp-image-491\" srcset=\"https:\/\/ladroit.org\/ladroit\/wp-content\/uploads\/2021\/11\/1200px-Google_Play_Store_badge_FR.svg_-1-1024x304.png 1024w, https:\/\/ladroit.org\/ladroit\/wp-content\/uploads\/2021\/11\/1200px-Google_Play_Store_badge_FR.svg_-1-600x178.png 600w, https:\/\/ladroit.org\/ladroit\/wp-content\/uploads\/2021\/11\/1200px-Google_Play_Store_badge_FR.svg_-1-300x89.png 300w, https:\/\/ladroit.org\/ladroit\/wp-content\/uploads\/2021\/11\/1200px-Google_Play_Store_badge_FR.svg_-1-768x228.png 768w, https:\/\/ladroit.org\/ladroit\/wp-content\/uploads\/2021\/11\/1200px-Google_Play_Store_badge_FR.svg_-1.png 1200w\" sizes=\"auto, (max-width: 1024px) 100vw, 1024px\" \/><\/a><\/figure>\n<\/div>\n<\/div>\n\n\n\n<h2 class=\"wp-block-heading has-text-align-center\" id=\"besoindaide\">Comment les services d&rsquo;aide et d&rsquo;accompagnement sont dispens\u00e9s<\/h2>\n\n\n\n<div style=\"height:33px\" aria-hidden=\"true\" class=\"wp-block-spacer\"><\/div>\n\n\n\n<div class=\"wp-block-columns is-layout-flex wp-container-core-columns-is-layout-9d6595d7 wp-block-columns-is-layout-flex\">\n<div class=\"wp-block-column is-layout-flow wp-block-column-is-layout-flow\">\n<figure class=\"wp-block-image\"><img decoding=\"async\" src=\"https:\/\/ladroit.org\/images\/vue473x209.jpg\" alt=\"https:\/\/ladroit.org\/images\/vue473x209.jpg\"\/><\/figure>\n\n\n\n<h3 class=\"wp-block-heading has-text-align-center\">Vue d\u2019ensemble<\/h3>\n\n\n\n<p class=\"has-text-align-center\">\u00c0 la premi\u00e8re rencontre, nous ferons le point avec vous et nous donnerons une vue d\u2019ensemble afin de vous aider \u00e0 r\u00e9pondre \u00e0 vos besoins.<\/p>\n<\/div>\n\n\n\n<div class=\"wp-block-column is-layout-flow wp-block-column-is-layout-flow\">\n<figure class=\"wp-block-image\"><img decoding=\"async\" src=\"https:\/\/ladroit.org\/images\/info473x209.jpg\" alt=\"https:\/\/ladroit.org\/images\/info473x209.jpg\"\/><\/figure>\n\n\n\n<h3 class=\"wp-block-heading has-text-align-center\">Information sur les droits et recours<\/h3>\n\n\n\n<p class=\"has-text-align-center\">Si nous n\u2019avons pas l\u2019information en notre possession, nous vous aiderons \u00e0 l\u2019obtenir.<\/p>\n<\/div>\n<\/div>\n\n\n\n<div class=\"wp-block-columns is-layout-flex wp-container-core-columns-is-layout-9d6595d7 wp-block-columns-is-layout-flex\">\n<div class=\"wp-block-column is-layout-flow wp-block-column-is-layout-flow\">\n<figure class=\"wp-block-image\"><img decoding=\"async\" src=\"https:\/\/ladroit.org\/images\/aide473x209.jpg\" alt=\"https:\/\/ladroit.org\/images\/aide473x209.jpg\"\/><\/figure>\n\n\n\n<h3 class=\"wp-block-heading has-text-align-center\">Aide<\/h3>\n\n\n\n<p class=\"has-text-align-center\">Aide \u00e0 la r\u00e9daction de lettres et de documents et suivi dans les d\u00e9marches.<\/p>\n<\/div>\n\n\n\n<div class=\"wp-block-column is-layout-flow wp-block-column-is-layout-flow\">\n<figure class=\"wp-block-image\"><img decoding=\"async\" src=\"https:\/\/ladroit.org\/images\/orienter473x209.jpg\" alt=\"https:\/\/ladroit.org\/images\/orienter473x209.jpg\"\/><\/figure>\n\n\n\n<h3 class=\"wp-block-heading has-text-align-center\">Orientation<\/h3>\n\n\n\n<p class=\"has-text-align-center\">Orientation vers les ressources appropri\u00e9es \u00e0 la d\u00e9fense de vos droits et int\u00e9r\u00eats.<\/p>\n<\/div>\n<\/div>\n\n\n\n<div class=\"wp-block-columns is-layout-flex wp-container-core-columns-is-layout-9d6595d7 wp-block-columns-is-layout-flex\">\n<div class=\"wp-block-column is-layout-flow wp-block-column-is-layout-flow\">\n<figure class=\"wp-block-image\"><img decoding=\"async\" src=\"https:\/\/ladroit.org\/images\/outils473x209.jpg\" alt=\"https:\/\/ladroit.org\/images\/outils473x209.jpg\"\/><\/figure>\n\n\n\n<h3 class=\"wp-block-heading has-text-align-center\">Nous vous aiderons \u00e0 vous outiller<\/h3>\n\n\n\n<p class=\"has-text-align-center\">Par divers trucs, des mises en situation, des outils que nous avons en notre possession et en \u00e9laborant divers sc\u00e9narios et strat\u00e9gies, nous pourrons vous aider \u00e0 \u00eatre fin pr\u00eat(e)s \u00e0 d\u00e9fendre vos droits et int\u00e9r\u00eats.<\/p>\n<\/div>\n\n\n\n<div class=\"wp-block-column is-layout-flow wp-block-column-is-layout-flow\">\n<figure class=\"wp-block-image\"><img decoding=\"async\" src=\"https:\/\/ladroit.org\/images\/accomp473x209.jpg\" alt=\"https:\/\/ladroit.org\/images\/accomp473x209.jpg\"\/><\/figure>\n\n\n\n<h3 class=\"wp-block-heading has-text-align-center\">Accompagnement<\/h3>\n\n\n\n<p class=\"has-text-align-center\">Accompagnement \u00e0 travers toutes vos d\u00e9marches de d\u00e9fense de droits. Nous pouvons vous accompagner chez un m\u00e9decin, \u00e0 la Cour, dans l&rsquo;examen d&rsquo;une plainte et devant toute instance appropri\u00e9e: A cet \u00e9gard, L&rsquo;A-DROIT ne vous repr\u00e9sente pas et favorise que vous soyez votre propre d\u00e9fenseur ou que vous soyez repr\u00e9sent\u00e9 par un avocat lorsque requis et possible.<\/p>\n<\/div>\n<\/div>\n\n\n\n<p><strong><em>\u00ab&nbsp;Notre organisme n\u2019est pas un cabinet d\u2019avocat et n\u2019a pas d\u2019avocat ou de conseiller juridique \u00e0 son service. Il n\u2019est pas autoris\u00e9 \u00e0 vous donner des conseils d\u2019ordre juridique, car seuls les avocats et les notaires ont un permis pour le faire au Qu\u00e9bec; cependant il est en mesure de vous r\u00e9f\u00e9rer \u00e0 des avocats selon vos besoins.&nbsp;\u00bb<\/em><\/strong><\/p>\n\n\n\n<div class=\"wp-block-buttons is-layout-flex wp-block-buttons-is-layout-flex\">\n<div class=\"wp-block-button has-custom-width wp-block-button__width-100 is-style-fill\"><a class=\"wp-block-button__link has-white-color has-text-color has-background wp-element-button\" href=\"https:\/\/ladroit.org\/ladroit\/contactez-nous\/\" style=\"border-radius:10px;background-color:#f0a823\">Pour nous contacter<\/a><\/div>\n<\/div>\n\n\n\n<h2 class=\"wp-block-heading has-text-align-center\">Merci \u00e0 nos partenaires :<\/h2>\n\n\n\n<div class=\"wp-block-group\"><div class=\"wp-block-group__inner-container is-layout-flow wp-block-group-is-layout-flow\">\n<div class=\"wp-block-columns is-layout-flex wp-container-core-columns-is-layout-9d6595d7 wp-block-columns-is-layout-flex\">\n<div class=\"wp-block-column is-layout-flow wp-block-column-is-layout-flow\" style=\"flex-basis:100%\">\n<div class=\"wp-block-columns is-layout-flex wp-container-core-columns-is-layout-9d6595d7 wp-block-columns-is-layout-flex\">\n<div class=\"wp-block-column is-layout-flow wp-block-column-is-layout-flow\" style=\"flex-basis:100%\">\n<div class=\"wp-block-group\"><div class=\"wp-block-group__inner-container is-layout-flow wp-block-group-is-layout-flow\">\n<div class=\"wp-block-columns are-vertically-aligned-center is-layout-flex wp-container-core-columns-is-layout-9d6595d7 wp-block-columns-is-layout-flex\">\n<div class=\"wp-block-column is-vertically-aligned-center is-layout-flow wp-block-column-is-layout-flow\">\n<figure class=\"wp-block-image aligncenter is-resized\"><a href=\"https:\/\/www.centraide-quebec.com\"><img decoding=\"async\" src=\"https:\/\/ladroit.org\/images\/centraide.jpg\" alt=\"https:\/\/ladroit.org\/images\/centraide.jpg\" style=\"width:188px;height:180px\"\/><\/a><\/figure>\n<\/div>\n\n\n\n<div class=\"wp-block-column is-vertically-aligned-center is-layout-flow wp-block-column-is-layout-flow\"><div class=\"wp-block-image\">\n<figure class=\"alignleft size-large\"><img loading=\"lazy\" decoding=\"async\" width=\"1024\" height=\"308\" src=\"https:\/\/ladroit.org\/ladroit\/wp-content\/uploads\/2023\/11\/Logo-FEN-CNQ-RGB_Couleur-1024x308.png\" alt=\"\" class=\"wp-image-2217\" srcset=\"https:\/\/ladroit.org\/ladroit\/wp-content\/uploads\/2023\/11\/Logo-FEN-CNQ-RGB_Couleur-1024x308.png 1024w, https:\/\/ladroit.org\/ladroit\/wp-content\/uploads\/2023\/11\/Logo-FEN-CNQ-RGB_Couleur-300x90.png 300w, https:\/\/ladroit.org\/ladroit\/wp-content\/uploads\/2023\/11\/Logo-FEN-CNQ-RGB_Couleur-768x231.png 768w, https:\/\/ladroit.org\/ladroit\/wp-content\/uploads\/2023\/11\/Logo-FEN-CNQ-RGB_Couleur-1536x462.png 1536w, https:\/\/ladroit.org\/ladroit\/wp-content\/uploads\/2023\/11\/Logo-FEN-CNQ-RGB_Couleur-2048x617.png 2048w, https:\/\/ladroit.org\/ladroit\/wp-content\/uploads\/2023\/11\/Logo-FEN-CNQ-RGB_Couleur-1320x397.png 1320w, https:\/\/ladroit.org\/ladroit\/wp-content\/uploads\/2023\/11\/Logo-FEN-CNQ-RGB_Couleur-600x181.png 600w\" sizes=\"auto, (max-width: 1024px) 100vw, 1024px\" \/><\/figure>\n<\/div><\/div>\n\n\n\n<div class=\"wp-block-column is-vertically-aligned-center is-layout-flow wp-block-column-is-layout-flow\"><div class=\"wp-block-image\">\n<figure class=\"alignleft is-resized\"><a href=\"https:\/\/www.cisssca.com\/accueil\"><img decoding=\"async\" src=\"https:\/\/ladroit.org\/images\/cisss.jpg\" alt=\"https:\/\/ladroit.org\/images\/cisss.jpg\" style=\"width:291px;height:auto\"\/><\/a><\/figure>\n<\/div>\n\n\n<p><\/p>\n<\/div>\n<\/div>\n<\/div><\/div>\n<\/div>\n<\/div>\n<\/div>\n<\/div>\n<\/div><\/div>\n\n\n<p><script src=\"https:\/\/code.responsivevoice.org\/responsivevoice.js?key=5SQ0t3iO\"><\/script><\/p>\n\n\n\n<p><\/p>\n","protected":false},"excerpt":{"rendered":"<p>L&rsquo;A-DROIT est un organisme communautaire autonome \u00e0 butnon-lucratif desservant la r\u00e9gion de Chaudi\u00e8re-Appalaches. Notre \u00e9quipe peut vous aider et vous accompagner dans la d\u00e9fense de vos droits si vousvivez des [&hellip;]<\/p>\n","protected":false},"author":2,"featured_media":0,"parent":0,"menu_order":0,"comment_status":"closed","ping_status":"closed","template":"","meta":{"two_page_speed":null,"footnotes":""},"class_list":["post-23","page","type-page","status-publish","czr-hentry"],"jetpack_sharing_enabled":true,"_links":{"self":[{"href":"https:\/\/ladroit.org\/ladroit\/wp-json\/wp\/v2\/pages\/23","targetHints":{"allow":["GET"]}}],"collection":[{"href":"https:\/\/ladroit.org\/ladroit\/wp-json\/wp\/v2\/pages"}],"about":[{"href":"https:\/\/ladroit.org\/ladroit\/wp-json\/wp\/v2\/types\/page"}],"author":[{"embeddable":true,"href":"https:\/\/ladroit.org\/ladroit\/wp-json\/wp\/v2\/users\/2"}],"replies":[{"embeddable":true,"href":"https:\/\/ladroit.org\/ladroit\/wp-json\/wp\/v2\/comments?post=23"}],"version-history":[{"count":114,"href":"https:\/\/ladroit.org\/ladroit\/wp-json\/wp\/v2\/pages\/23\/revisions"}],"predecessor-version":[{"id":2340,"href":"https:\/\/ladroit.org\/ladroit\/wp-json\/wp\/v2\/pages\/23\/revisions\/2340"}],"wp:attachment":[{"href":"https:\/\/ladroit.org\/ladroit\/wp-json\/wp\/v2\/media?parent=23"}],"curies":[{"name":"wp","href":"https:\/\/api.w.org\/{rel}","templated":true}]}}