{"id":361,"date":"2021-09-09T17:24:29","date_gmt":"2021-09-09T17:24:29","guid":{"rendered":"https:\/\/ladroit.org\/ladroit\/produit\/hoodie-with-logo\/"},"modified":"2022-06-08T09:46:18","modified_gmt":"2022-06-08T13:46:18","slug":"hoodie-with-logo","status":"publish","type":"product","link":"https:\/\/ladroit.org\/ladroit\/produit\/hoodie-with-logo\/","title":{"rendered":"Casquette promotionnelle L&rsquo;A-Droit"},"content":{"rendered":"<p>Offrez-vous une jolie casquette de L&rsquo;A-Droit. Casquette grise et noire avec son logo plac\u00e9 sur le devant. Vous trouverez \u00e9galement sur le c\u00f4t\u00e9 droit \u00ab\u00a0L&rsquo;A-Droit de Chaudi\u00e8re -Appalaches\u00a0\u00bb. En plus de porter une jolie casquette, vous soutenez financi\u00e8rement L&rsquo;A-Droit et apportez un support visuel !<\/p>\n","protected":false},"excerpt":{"rendered":"<p>Une belle casquette de L&rsquo;A-Droit<\/p>\n","protected":false},"featured_media":1837,"template":"","meta":[],"product_brand":[],"product_cat":[21],"product_tag":[22],"class_list":{"0":"post-361","1":"product","2":"type-product","3":"status-publish","4":"has-post-thumbnail","6":"product_cat-articles-promotionnels","7":"product_tag-article-promotionnel","9":"first","10":"instock","11":"purchasable","12":"product-type-simple","13":"czr-hentry"},"jetpack_sharing_enabled":true,"_links":{"self":[{"href":"https:\/\/ladroit.org\/ladroit\/wp-json\/wp\/v2\/product\/361","targetHints":{"allow":["GET"]}}],"collection":[{"href":"https:\/\/ladroit.org\/ladroit\/wp-json\/wp\/v2\/product"}],"about":[{"href":"https:\/\/ladroit.org\/ladroit\/wp-json\/wp\/v2\/types\/product"}],"wp:featuredmedia":[{"embeddable":true,"href":"https:\/\/ladroit.org\/ladroit\/wp-json\/wp\/v2\/media\/1837"}],"wp:attachment":[{"href":"https:\/\/ladroit.org\/ladroit\/wp-json\/wp\/v2\/media?parent=361"}],"wp:term":[{"taxonomy":"product_brand","embeddable":true,"href":"https:\/\/ladroit.org\/ladroit\/wp-json\/wp\/v2\/product_brand?post=361"},{"taxonomy":"product_cat","embeddable":true,"href":"https:\/\/ladroit.org\/ladroit\/wp-json\/wp\/v2\/product_cat?post=361"},{"taxonomy":"product_tag","embeddable":true,"href":"https:\/\/ladroit.org\/ladroit\/wp-json\/wp\/v2\/product_tag?post=361"}],"curies":[{"name":"wp","href":"https:\/\/api.w.org\/{rel}","templated":true}]}}